{"id":7,"date":"2016-06-28T16:46:05","date_gmt":"2016-06-28T15:46:05","guid":{"rendered":"http:\/\/lesvoyagesdejules.wordpress.com\/?page_id=1"},"modified":"2021-02-14T17:33:07","modified_gmt":"2021-02-14T17:33:07","slug":"a-propos","status":"publish","type":"page","link":"https:\/\/voyages.julesbelluz.fr\/index.php\/a-propos\/","title":{"rendered":"\u00c0 propos"},"content":{"rendered":"<p><img loading=\"lazy\" class=\"alignleft wp-image-571\" src=\"https:\/\/voyages.julesbelluz.fr\/wp-content\/uploads\/2020\/04\/Profil-819x1024.jpg\" alt=\"Photo de profil du cr\u00e9ateur\" width=\"300\" height=\"375\" srcset=\"https:\/\/voyages.julesbelluz.fr\/wp-content\/uploads\/2020\/04\/Profil-819x1024.jpg 819w, https:\/\/voyages.julesbelluz.fr\/wp-content\/uploads\/2020\/04\/Profil-240x300.jpg 240w, https:\/\/voyages.julesbelluz.fr\/wp-content\/uploads\/2020\/04\/Profil-768x960.jpg 768w, https:\/\/voyages.julesbelluz.fr\/wp-content\/uploads\/2020\/04\/Profil.jpg 1080w\" sizes=\"(max-width: 300px) 100vw, 300px\" \/><\/p>\n<p>\u00c7a c&rsquo;est moi ! Je m\u2019appelle Jules, j&rsquo;ai <span id=\"spans1e0\">22 <\/span>ans et je suis le cr\u00e9ateur de ce site: <span id=\"spans1e1\">les<\/span> voyages de Jules.<br \/>\nJ&rsquo;ai pas mal de centre d&rsquo;int\u00e9r\u00eat \u00a0dont la vid\u00e9o, la photo mais aussi les voyages ! C&rsquo;est autour de ces 3 passions que le site s&rsquo;articule, en effet vous allez pouvoir suivre mes voyages \u00e0 travers articles, photos et vid\u00e9os !<\/p>\n<h5>Je souhaite que ce lieux soit un espace conviviale et que nous puissions tous voyager \u00e0 travers ce site !<\/h5>\n<h3><span style=\"text-decoration: underline;\">Vous souhaitez m&rsquo;aider ? <\/span><\/h3>\n<p>Si ce site vous int\u00e9resse, vous intrigue ou <span id=\"spans0e0\">peut-\u00eatre<\/span> m\u00eame vous passionne?\u00a0 Vous pouvez <span id=\"spans0e1\">peut-\u00eatre<\/span> m&rsquo;aider en partageant ce site sur les r\u00e9seaux sociaux ou alors tous simplement en parler \u00e0 votre entourage. Plus vous <span id=\"spans1e0\">serez<\/span> nombreux \u00e0 suivre mes aventures plus ils nous <span id=\"spans1e1\">seront<\/span> possibles de partager, communiquer et faire connaissance \u00e0 travers nos diff\u00e9rents r\u00e9cits de p\u00e9riple. N&rsquo;h\u00e9sitez pas \u00e0 suivre Les Voyages de Jules sur les r\u00e9seaux sociaux !<\/p>\n<p><img loading=\"lazy\" class=\"alignnone size-medium wp-image-612\" src=\"https:\/\/voyages.julesbelluz.fr\/wp-content\/uploads\/2020\/05\/Avant-300x180.jpg\" alt=\"Face de carte de visite\" width=\"300\" height=\"180\" srcset=\"https:\/\/voyages.julesbelluz.fr\/wp-content\/uploads\/2020\/05\/Avant-300x180.jpg 300w, https:\/\/voyages.julesbelluz.fr\/wp-content\/uploads\/2020\/05\/Avant-1024x614.jpg 1024w, https:\/\/voyages.julesbelluz.fr\/wp-content\/uploads\/2020\/05\/Avant-768x461.jpg 768w, https:\/\/voyages.julesbelluz.fr\/wp-content\/uploads\/2020\/05\/Avant.jpg 1125w\" sizes=\"(max-width: 300px) 100vw, 300px\" \/><img loading=\"lazy\" class=\"alignnone size-medium wp-image-611\" src=\"https:\/\/voyages.julesbelluz.fr\/wp-content\/uploads\/2020\/05\/Arrie\u0300re-300x180.jpg\" alt=\"Dos de carte de visite\" width=\"300\" height=\"180\" srcset=\"https:\/\/voyages.julesbelluz.fr\/wp-content\/uploads\/2020\/05\/Arrie\u0300re-300x180.jpg 300w, https:\/\/voyages.julesbelluz.fr\/wp-content\/uploads\/2020\/05\/Arrie\u0300re-1024x614.jpg 1024w, https:\/\/voyages.julesbelluz.fr\/wp-content\/uploads\/2020\/05\/Arrie\u0300re-768x461.jpg 768w, https:\/\/voyages.julesbelluz.fr\/wp-content\/uploads\/2020\/05\/Arrie\u0300re.jpg 1125w\" sizes=\"(max-width: 300px) 100vw, 300px\" \/><\/p>\n","protected":false},"excerpt":{"rendered":"<p>\u00c7a c&rsquo;est moi ! Je m\u2019appelle Jules, j&rsquo;ai 22 ans et je suis le cr\u00e9ateur de ce site: les voyages de Jules. J&rsquo;ai pas mal de centre d&rsquo;int\u00e9r\u00eat \u00a0dont la&hellip;<\/p>\n","protected":false},"author":1,"featured_media":0,"parent":0,"menu_order":0,"comment_status":"open","ping_status":"open","template":"","meta":{"_vp_format_video_url":"","_vp_image_focal_point":[]},"yoast_head":"<!-- This site is optimized with the Yoast SEO plugin v16.1.1 - https:\/\/yoast.com\/wordpress\/plugins\/seo\/ -->\n<title>\u00c0 propos - Les Voyages de Jules<\/title>\n<meta name=\"description\" content=\"Je m\u2019appelle Jules, j&#039;ai 21 ans et je suis le cr\u00e9ateur de ce site: les voyages de Jules.J&#039;ai pas mal de centre d&#039;int\u00e9r\u00eat \u00a0dont la vid\u00e9o, la photo mais aussi les voyages ! C&#039;est autour de ces 3 passions que le site s&#039;articule, en effet vous allez pouvoir suivre mes voyages \u00e0 travers articles, photos et vid\u00e9os !\" \/>\n<meta property=\"og:locale\" content=\"fr_FR\" \/>\n<meta property=\"og:type\" content=\"article\" \/>\n<meta property=\"og:title\" content=\"\u00c0 propos - Les Voyages de Jules\" \/>\n<meta property=\"og:description\" content=\"Je m\u2019appelle Jules, j&#039;ai 21 ans et je suis le cr\u00e9ateur de ce site: les voyages de Jules.J&#039;ai pas mal de centre d&#039;int\u00e9r\u00eat \u00a0dont la vid\u00e9o, la photo mais aussi les voyages ! C&#039;est autour de ces 3 passions que le site s&#039;articule, en effet vous allez pouvoir suivre mes voyages \u00e0 travers articles, photos et vid\u00e9os !\" \/>\n<meta property=\"og:url\" content=\"https:\/\/voyages.julesbelluz.fr\/index.php\/a-propos\/\" \/>\n<meta property=\"og:site_name\" content=\"Les Voyages de Jules\" \/>\n<meta property=\"article:modified_time\" content=\"2021-02-14T17:33:07+00:00\" \/>\n<meta property=\"og:image\" content=\"https:\/\/voyages.julesbelluz.fr\/wp-content\/uploads\/2020\/04\/Profil-819x1024.jpg\" \/>\n<meta name=\"twitter:card\" content=\"summary_large_image\" \/>\n<meta name=\"twitter:label1\" content=\"Dur\u00e9e de lecture est.\">\n\t<meta name=\"twitter:data1\" content=\"2 minutes\">\n<script type=\"application\/ld+json\" class=\"yoast-schema-graph\">{\"@context\":\"https:\/\/schema.org\",\"@graph\":[{\"@type\":\"WebSite\",\"@id\":\"https:\/\/voyages.julesbelluz.fr\/#website\",\"url\":\"https:\/\/voyages.julesbelluz.fr\/\",\"name\":\"Les Voyages de Jules\",\"description\":\"Suivez mes aventures\",\"potentialAction\":[{\"@type\":\"SearchAction\",\"target\":\"https:\/\/voyages.julesbelluz.fr\/?s={search_term_string}\",\"query-input\":\"required name=search_term_string\"}],\"inLanguage\":\"fr-FR\"},{\"@type\":\"ImageObject\",\"@id\":\"https:\/\/voyages.julesbelluz.fr\/index.php\/a-propos\/#primaryimage\",\"inLanguage\":\"fr-FR\",\"url\":\"https:\/\/voyages.julesbelluz.fr\/wp-content\/uploads\/2020\/04\/Profil.jpg\",\"contentUrl\":\"https:\/\/voyages.julesbelluz.fr\/wp-content\/uploads\/2020\/04\/Profil.jpg\",\"width\":1080,\"height\":1350},{\"@type\":\"WebPage\",\"@id\":\"https:\/\/voyages.julesbelluz.fr\/index.php\/a-propos\/#webpage\",\"url\":\"https:\/\/voyages.julesbelluz.fr\/index.php\/a-propos\/\",\"name\":\"\\u00c0 propos - Les Voyages de Jules\",\"isPartOf\":{\"@id\":\"https:\/\/voyages.julesbelluz.fr\/#website\"},\"primaryImageOfPage\":{\"@id\":\"https:\/\/voyages.julesbelluz.fr\/index.php\/a-propos\/#primaryimage\"},\"datePublished\":\"2016-06-28T15:46:05+00:00\",\"dateModified\":\"2021-02-14T17:33:07+00:00\",\"description\":\"Je m\\u2019appelle Jules, j'ai 21 ans et je suis le cr\\u00e9ateur de ce site: les voyages de Jules.J'ai pas mal de centre d'int\\u00e9r\\u00eat \\u00a0dont la vid\\u00e9o, la photo mais aussi les voyages ! C'est autour de ces 3 passions que le site s'articule, en effet vous allez pouvoir suivre mes voyages \\u00e0 travers articles, photos et vid\\u00e9os !\",\"breadcrumb\":{\"@id\":\"https:\/\/voyages.julesbelluz.fr\/index.php\/a-propos\/#breadcrumb\"},\"inLanguage\":\"fr-FR\",\"potentialAction\":[{\"@type\":\"ReadAction\",\"target\":[\"https:\/\/voyages.julesbelluz.fr\/index.php\/a-propos\/\"]}]},{\"@type\":\"BreadcrumbList\",\"@id\":\"https:\/\/voyages.julesbelluz.fr\/index.php\/a-propos\/#breadcrumb\",\"itemListElement\":[{\"@type\":\"ListItem\",\"position\":1,\"item\":{\"@type\":\"WebPage\",\"@id\":\"https:\/\/voyages.julesbelluz.fr\/\",\"url\":\"https:\/\/voyages.julesbelluz.fr\/\",\"name\":\"Home\"}},{\"@type\":\"ListItem\",\"position\":2,\"item\":{\"@type\":\"WebPage\",\"@id\":\"https:\/\/voyages.julesbelluz.fr\/index.php\/a-propos\/\",\"url\":\"https:\/\/voyages.julesbelluz.fr\/index.php\/a-propos\/\",\"name\":\"\\u00c0 propos\"}}]}]}<\/script>\n<!-- \/ Yoast SEO plugin. -->","_links":{"self":[{"href":"https:\/\/voyages.julesbelluz.fr\/index.php\/wp-json\/wp\/v2\/pages\/7"}],"collection":[{"href":"https:\/\/voyages.julesbelluz.fr\/index.php\/wp-json\/wp\/v2\/pages"}],"about":[{"href":"https:\/\/voyages.julesbelluz.fr\/index.php\/wp-json\/wp\/v2\/types\/page"}],"author":[{"embeddable":true,"href":"https:\/\/voyages.julesbelluz.fr\/index.php\/wp-json\/wp\/v2\/users\/1"}],"replies":[{"embeddable":true,"href":"https:\/\/voyages.julesbelluz.fr\/index.php\/wp-json\/wp\/v2\/comments?post=7"}],"version-history":[{"count":15,"href":"https:\/\/voyages.julesbelluz.fr\/index.php\/wp-json\/wp\/v2\/pages\/7\/revisions"}],"predecessor-version":[{"id":656,"href":"https:\/\/voyages.julesbelluz.fr\/index.php\/wp-json\/wp\/v2\/pages\/7\/revisions\/656"}],"wp:attachment":[{"href":"https:\/\/voyages.julesbelluz.fr\/index.php\/wp-json\/wp\/v2\/media?parent=7"}],"curies":[{"name":"wp","href":"https:\/\/api.w.org\/{rel}","templated":true}]}}