{"id":65,"date":"2016-07-03T14:42:58","date_gmt":"2016-07-03T13:42:58","guid":{"rendered":"https:\/\/lesvoyagesdejules.wordpress.com\/?page_id=65"},"modified":"2020-04-29T18:49:48","modified_gmt":"2020-04-29T18:49:48","slug":"travel-map","status":"publish","type":"page","link":"https:\/\/voyages.julesbelluz.fr\/index.php\/travel-map\/","title":{"rendered":"Travel Map"},"content":{"rendered":"<p>Vous pouvez retrouver sur cette carte tous les endroits que j&rsquo;ai visit\u00e9, chaque couleur correspond \u00e0 un Road Trip diff\u00e9rents.<\/p>\n<p>Les ic\u00f4nes gris correspondent \u00e0 des s\u00e9jours\/week-end fixes<\/p>\n<p>L&rsquo;icone valise en gris claire correspond au lieux o\u00f9 j&rsquo;ai travaill\u00e9 en tant qu&rsquo;animateur.<\/p>\n<p><iframe loading=\"lazy\" src=\"https:\/\/www.google.com\/maps\/d\/embed?mid=1V1YDF7MzKklcZ9wHagXVVk0aytU\" width=\"100%\" height=\"720px\"><\/iframe><\/p>\n","protected":false},"excerpt":{"rendered":"<p>Vous pouvez retrouver sur cette carte tous les endroits que j&rsquo;ai visit\u00e9, chaque couleur correspond \u00e0 un Road Trip diff\u00e9rents. Les ic\u00f4nes gris correspondent \u00e0 des s\u00e9jours\/week-end fixes L&rsquo;icone valise&hellip;<\/p>\n","protected":false},"author":1,"featured_media":0,"parent":0,"menu_order":0,"comment_status":"closed","ping_status":"closed","template":"","meta":{"_vp_format_video_url":"","_vp_image_focal_point":[]},"yoast_head":"<!-- This site is optimized with the Yoast SEO plugin v16.1.1 - https:\/\/yoast.com\/wordpress\/plugins\/seo\/ -->\n<title>Travel Map - Les Voyages de Jules<\/title>\n<meta property=\"og:locale\" content=\"fr_FR\" \/>\n<meta property=\"og:type\" content=\"article\" \/>\n<meta property=\"og:title\" content=\"Travel Map - Les Voyages de Jules\" \/>\n<meta property=\"og:description\" content=\"Vous pouvez retrouver sur cette carte tous les endroits que j&rsquo;ai visit\u00e9, chaque couleur correspond \u00e0 un Road Trip diff\u00e9rents. Les ic\u00f4nes gris correspondent \u00e0 des s\u00e9jours\/week-end fixes L&rsquo;icone valise&hellip;\" \/>\n<meta property=\"og:url\" content=\"https:\/\/voyages.julesbelluz.fr\/index.php\/travel-map\/\" \/>\n<meta property=\"og:site_name\" content=\"Les Voyages de Jules\" \/>\n<meta property=\"article:modified_time\" content=\"2020-04-29T18:49:48+00:00\" \/>\n<meta name=\"twitter:card\" content=\"summary_large_image\" \/>\n<script type=\"application\/ld+json\" class=\"yoast-schema-graph\">{\"@context\":\"https:\/\/schema.org\",\"@graph\":[{\"@type\":\"WebSite\",\"@id\":\"https:\/\/voyages.julesbelluz.fr\/#website\",\"url\":\"https:\/\/voyages.julesbelluz.fr\/\",\"name\":\"Les Voyages de Jules\",\"description\":\"Suivez mes aventures\",\"potentialAction\":[{\"@type\":\"SearchAction\",\"target\":\"https:\/\/voyages.julesbelluz.fr\/?s={search_term_string}\",\"query-input\":\"required name=search_term_string\"}],\"inLanguage\":\"fr-FR\"},{\"@type\":\"WebPage\",\"@id\":\"https:\/\/voyages.julesbelluz.fr\/index.php\/travel-map\/#webpage\",\"url\":\"https:\/\/voyages.julesbelluz.fr\/index.php\/travel-map\/\",\"name\":\"Travel Map - Les Voyages de Jules\",\"isPartOf\":{\"@id\":\"https:\/\/voyages.julesbelluz.fr\/#website\"},\"datePublished\":\"2016-07-03T13:42:58+00:00\",\"dateModified\":\"2020-04-29T18:49:48+00:00\",\"breadcrumb\":{\"@id\":\"https:\/\/voyages.julesbelluz.fr\/index.php\/travel-map\/#breadcrumb\"},\"inLanguage\":\"fr-FR\",\"potentialAction\":[{\"@type\":\"ReadAction\",\"target\":[\"https:\/\/voyages.julesbelluz.fr\/index.php\/travel-map\/\"]}]},{\"@type\":\"BreadcrumbList\",\"@id\":\"https:\/\/voyages.julesbelluz.fr\/index.php\/travel-map\/#breadcrumb\",\"itemListElement\":[{\"@type\":\"ListItem\",\"position\":1,\"item\":{\"@type\":\"WebPage\",\"@id\":\"https:\/\/voyages.julesbelluz.fr\/\",\"url\":\"https:\/\/voyages.julesbelluz.fr\/\",\"name\":\"Home\"}},{\"@type\":\"ListItem\",\"position\":2,\"item\":{\"@type\":\"WebPage\",\"@id\":\"https:\/\/voyages.julesbelluz.fr\/index.php\/travel-map\/\",\"url\":\"https:\/\/voyages.julesbelluz.fr\/index.php\/travel-map\/\",\"name\":\"Travel Map\"}}]}]}<\/script>\n<!-- \/ Yoast SEO plugin. -->","_links":{"self":[{"href":"https:\/\/voyages.julesbelluz.fr\/index.php\/wp-json\/wp\/v2\/pages\/65"}],"collection":[{"href":"https:\/\/voyages.julesbelluz.fr\/index.php\/wp-json\/wp\/v2\/pages"}],"about":[{"href":"https:\/\/voyages.julesbelluz.fr\/index.php\/wp-json\/wp\/v2\/types\/page"}],"author":[{"embeddable":true,"href":"https:\/\/voyages.julesbelluz.fr\/index.php\/wp-json\/wp\/v2\/users\/1"}],"replies":[{"embeddable":true,"href":"https:\/\/voyages.julesbelluz.fr\/index.php\/wp-json\/wp\/v2\/comments?post=65"}],"version-history":[{"count":5,"href":"https:\/\/voyages.julesbelluz.fr\/index.php\/wp-json\/wp\/v2\/pages\/65\/revisions"}],"predecessor-version":[{"id":591,"href":"https:\/\/voyages.julesbelluz.fr\/index.php\/wp-json\/wp\/v2\/pages\/65\/revisions\/591"}],"wp:attachment":[{"href":"https:\/\/voyages.julesbelluz.fr\/index.php\/wp-json\/wp\/v2\/media?parent=65"}],"curies":[{"name":"wp","href":"https:\/\/api.w.org\/{rel}","templated":true}]}}